{"id":1242,"date":"2013-11-07T00:06:03","date_gmt":"2013-11-06T22:06:03","guid":{"rendered":"http:\/\/www.dadrbuzau.ro\/?page_id=1242"},"modified":"2014-09-19T23:18:47","modified_gmt":"2014-09-19T20:18:47","slug":"toamna-buzoiana-2013","status":"publish","type":"page","link":"http:\/\/www.dadrbuzau.ro\/?page_id=1242","title":{"rendered":"Toamna Buzoiana 2013"},"content":{"rendered":"<div class=\"custom\" style=\"background:-moz-linear-gradient(center top , #fffff7, #B5EDFF) repeat scroll 0 0 transparent;\n\t\t\t\t\t       background: -webkit-gradient(linear, center top, center bottom, from(#fffff7), to(#B5EDFF));\n\t\t\t\t\t       margin-left:auto !important;\n\t\t\t\t\t       margin-right:auto !important;\n\t\t\t\t\t       border:1px solid #999999;\n\t\t\t\t\t       background-color: #B5EDFF;\n\t\t\t\t\t       width:70%;\n\t\t\t\t\t       color:#333333;\"><div class=\"inner-padding\"> <strong>Toamna Buzoian\u0103 2013<\/strong><\/p>\n<p>Dup\u0103 o pauz\u0103 de mai bine de trei ani, t\u00e2rgul Toamna Buzoian\u0103 s-a reluat la finele lunii septembrie \u00eentr-o nou\u0103 loca\u021bie, mai aproape de vizitatori.<br \/>\nConsiliul Jude\u021bean Buz\u0103u, Direc\u021bia Agricol\u0103 Jude\u021bean\u0103, Prim\u0103ria Buz\u0103u, \u00een colaborare cu Galleria Mall au organizat \u00een perioada 27-29 septembrie cea de-a  X-a edi\u021bie a t\u00e2rgului tradi\u021bional buzoian.<br \/>\nOrganizat \u00een parcarea din spatele Galleria Mall, t\u00e2rgul Toamna Buzoian\u0103 a reunit produc\u0103trori de legume, fructe, lactate, br\u00e2nzeturi \u0219i carne, dar \u0219i cresc\u0103tori de animale sau apicultori care au oferit buzoienilor produse tradi\u021bionale proaspete, specifice zonei.<\/p>\n<p>Mai mult, pentru atragerea unui num\u0103r c\u00e2t mai mare de buzoieni \u00eenc\u0103 din prima zi de t\u00e2rg, Ansamblurile Plaiul Miori\u021bei al Centrului Jude\u021bean de Cultur\u0103 \u0219i Art\u0103 au organizat un program artistic maraton care a durat mai bine de 5 ore.<\/p>\n<\/div><\/div>\n<!-- AcKA8XblkEMp -->\r\n<!-- Cincopa WordPress plugin wp1.154: \/\/www.cincopa.com\/media-platform\/wordpress-plugin.aspx -->\r\n<div id=\"cp_widget_AcKA8XblkEMp\"><img src=\"\/\/www.cincopa.com\/media-platform\/runtime\/loading.gif\" style=\"border:0;\" alt=\"Cincopa WordPress plugin\" \/><\/div>\r\n<script type=\"text\/javascript\">\r\n\/* PLEASE CHANGE DEFAULT EXCERPT HANDLING TO CLEAN OR FULL (go to your Wordpress Dashboard\/Settings\/Cincopa Options ... *\/\r\n\/\/ cp_load_widget(\"AcKA8XblkEMp\", \"cp_widget_AcKA8XblkEMp\");\r\n<\/script>\r\n\n","protected":false},"excerpt":{"rendered":"","protected":false},"author":2,"featured_media":0,"parent":0,"menu_order":0,"comment_status":"closed","ping_status":"open","template":"page-FullWidth.php","meta":[],"_links":{"self":[{"href":"http:\/\/www.dadrbuzau.ro\/index.php?rest_route=\/wp\/v2\/pages\/1242"}],"collection":[{"href":"http:\/\/www.dadrbuzau.ro\/index.php?rest_route=\/wp\/v2\/pages"}],"about":[{"href":"http:\/\/www.dadrbuzau.ro\/index.php?rest_route=\/wp\/v2\/types\/page"}],"author":[{"embeddable":true,"href":"http:\/\/www.dadrbuzau.ro\/index.php?rest_route=\/wp\/v2\/users\/2"}],"replies":[{"embeddable":true,"href":"http:\/\/www.dadrbuzau.ro\/index.php?rest_route=%2Fwp%2Fv2%2Fcomments&post=1242"}],"version-history":[{"count":5,"href":"http:\/\/www.dadrbuzau.ro\/index.php?rest_route=\/wp\/v2\/pages\/1242\/revisions"}],"predecessor-version":[{"id":2076,"href":"http:\/\/www.dadrbuzau.ro\/index.php?rest_route=\/wp\/v2\/pages\/1242\/revisions\/2076"}],"wp:attachment":[{"href":"http:\/\/www.dadrbuzau.ro\/index.php?rest_route=%2Fwp%2Fv2%2Fmedia&parent=1242"}],"curies":[{"name":"wp","href":"https:\/\/api.w.org\/{rel}","templated":true}]}}