{"id":8165,"date":"2020-04-02T00:35:36","date_gmt":"2020-04-01T21:35:36","guid":{"rendered":"http:\/\/www.dadrbuzau.ro\/?page_id=8165"},"modified":"2020-04-06T18:30:26","modified_gmt":"2020-04-06T15:30:26","slug":"oferte-sector-legumicol","status":"publish","type":"page","link":"http:\/\/www.dadrbuzau.ro\/?page_id=8165","title":{"rendered":"ANUNTURI VANZARI PRODUSE AGRICOLE"},"content":{"rendered":"<form method=\"post\" enctype=\"multipart\/form-data\" id=\"vfbp-form-2\" class=\"vfbp-form\"><div style=\"display:none;\"><label for=\"vfbp-EMAIL-AN8fuQyoDLXem\">If you are human, leave this field blank.<\/label><input size=\"25\" autocomplete=\"off\" type=\"text\" name=\"vfbp-EMAIL-AN8fuQyoDLXem\" value=\"\" id=\"\"><\/div><input type=\"hidden\" name=\"_vfb-timestamp-2\" value=\"1777393287\" id=\"\"><input type=\"hidden\" name=\"_vfb-form-id\" value=\"2\" id=\"\"><input type=\"hidden\" name=\"_vfb-token-2\" value=\"MTc3NzM4MjQ4N0dsMzVneEJSMjlHZkVqVVVVdVVsbWR6UVhPaDFibDln\" id=\"\"><div class=\"vfb-form-group vfb-col-12\"><div><h1 class=\"\">Ad\u0103ugare anun\u021b<\/h1><\/div><\/div><div class=\"vfb-col-12 vfb-fieldType-heading\" id=\"vfbField5\"><\/div><div class=\"vfb-clearfix\"><\/div><div class=\"vfb-form-group vfb-col-12\"><div><h6 class=\"\">* c\u00e2mpuri obligatorii<\/h6><\/div><\/div><div class=\"vfb-col-12 vfb-fieldType-heading\" id=\"vfbField108\"><\/div><div class=\"vfb-clearfix\"><\/div><div class=\"vfb-well vfb-col-12\" id=\"vfbField106\"><div class=\"vfb-form-group vfb-col-12\"><div><h3 class=\"\">Date de identificare<\/h3><\/div><\/div><div class=\"vfb-col-12 vfb-fieldType-heading\" id=\"vfbField106\"><\/div><div class=\"vfb-clearfix\"><\/div><div class=\"vfb-col-12 vfb-fieldType-select\" id=\"vfbField20\"><label for=\"vfb-field-20\" class=\"vfb-control-label\">Calitate <span class=\"vfb-required-asterisk\">*<\/span><\/label><div><span class=\"vfb-help-block\">alege din list\u0103<\/span><div class=\"vfb-form-group\"><select id=\"vfb-field-20\" class=\"vfb-form-control\" placeholder=\"\" required=\"required\" name=\"vfb-field-20\"><option value=\"Persoan\u0103 Fizic\u0103 Autorizat\u0103 (P.F.A.)\">Persoan\u0103 Fizic\u0103 Autorizat\u0103 (P.F.A.)<\/option><option value=\"&Icirc;ntreprindere Individual\u0103 (&Icirc;.I.)\">\u00centreprindere Individual\u0103 (\u00ce.I.)<\/option><option value=\"&Icirc;ntreprindere Familial\u0103 (&Icirc;.F.)\">\u00centreprindere Familial\u0103 (\u00ce.F.)<\/option><option value=\"Societate cu R\u0103spundere Limitat\u0103 (S.R.L.)\">Societate cu R\u0103spundere Limitat\u0103 (S.R.L.)<\/option><option value=\"Persoan\u0103 Fizic\u0103\">Persoan\u0103 Fizic\u0103<\/option><\/select><\/div><\/div><\/div><div class=\"vfb-clearfix\"><\/div><div class=\"vfb-col-12 vfb-fieldType-text\" id=\"vfbField11\"><div class=\"vfb-form-group\"><label for=\"vfb-field-11\" class=\"vfb-control-label\">Nume Prenume   \/   Denumire Societate <span class=\"vfb-required-asterisk\">*<\/span><\/label><div><input id=\"vfb-field-11\" class=\"vfb-form-control\" placeholder=\"\" required=\"required\" type=\"text\" name=\"vfb-field-11\" value=\"\"><\/div><\/div><\/div><div class=\"vfb-clearfix\"><\/div><div class=\"vfb-col-12 vfb-fieldType-text\" id=\"vfbField17\"><div class=\"vfb-form-group\"><label for=\"vfb-field-17\" class=\"vfb-control-label\">CUI<\/label><div><input id=\"vfb-field-17\" class=\"vfb-form-control 8211.css\" placeholder=\"\" type=\"text\" name=\"vfb-field-17\" value=\"\"><\/div><\/div><\/div><div class=\"vfb-clearfix\"><\/div><div class=\"vfb-col-12 vfb-fieldType-text\" id=\"vfbField24\"><div class=\"vfb-form-group\"><label for=\"vfb-field-24\" class=\"vfb-control-label\">Sediu <span class=\"vfb-required-asterisk\">*<\/span><\/label><div><input id=\"vfb-field-24\" class=\"vfb-form-control\" placeholder=\"\" required=\"required\" type=\"text\" name=\"vfb-field-24\" value=\"\"><\/div><\/div><\/div><div class=\"vfb-clearfix\"><\/div><div class=\"vfb-col-12 vfb-fieldType-text\" id=\"vfbField68\"><div class=\"vfb-form-group\"><label for=\"vfb-field-68\" class=\"vfb-control-label\">Nr. de Telefon <span class=\"vfb-required-asterisk\">*<\/span><\/label><div><input id=\"vfb-field-68\" class=\"vfb-form-control\" placeholder=\"\" required=\"required\" type=\"text\" name=\"vfb-field-68\" value=\"\"><\/div><\/div><\/div><div class=\"vfb-clearfix\"><\/div><div class=\"vfb-col-12 vfb-fieldType-email\" id=\"vfbField18\"><div class=\"vfb-form-group\"><label for=\"vfb-field-18\" class=\"vfb-control-label\">Email<\/label><div><input id=\"vfb-field-18\" class=\"vfb-form-control\" placeholder=\"\" type=\"email\" name=\"vfb-field-18\" value=\"\"><\/div><\/div><\/div><div class=\"vfb-clearfix\"><\/div><div class=\"vfb-col-12 vfb-fieldType-text\" id=\"vfbField95\"><div class=\"vfb-form-group\"><label for=\"vfb-field-95\" class=\"vfb-control-label\">Adres\u0103 web<\/label><div><input id=\"vfb-field-95\" class=\"vfb-form-control\" placeholder=\"\" type=\"text\" name=\"vfb-field-95\" value=\"\"><\/div><\/div><\/div><div class=\"vfb-clearfix\"><\/div><\/div> <!-- .vfb-well --><div class=\"vfb-well vfb-col-12\" id=\"vfbField105\"><div class=\"vfb-form-group vfb-col-12\"><div><h3 class=\"\">Informa\u021bii obligatorii<\/h3><\/div><\/div><div class=\"vfb-col-12 vfb-fieldType-heading\" id=\"vfbField105\"><\/div><div class=\"vfb-clearfix\"><\/div><div class=\"vfb-col-12 vfb-fieldType-text\" id=\"vfbField115\"><div class=\"vfb-form-group\"><label for=\"vfb-field-115\" class=\"vfb-control-label\">Titlu anun\u021b <span class=\"vfb-required-asterisk\">*<\/span><\/label><div><input id=\"vfb-field-115\" class=\"vfb-form-control\" placeholder=\"\" required=\"required\" type=\"text\" name=\"vfb-field-115\" value=\"\"><\/div><\/div><\/div><div class=\"vfb-clearfix\"><\/div><div class=\"vfb-col-12 vfb-fieldType-text\" id=\"vfbField16\"><div class=\"vfb-form-group\"><label for=\"vfb-field-16\" class=\"vfb-control-label\">Localitatea \u00een care este situat\u0103 exploata\u021bia agricol\u0103 <span class=\"vfb-required-asterisk\">*<\/span><\/label><div><input id=\"vfb-field-16\" class=\"vfb-form-control\" placeholder=\"\" required=\"required\" type=\"text\" name=\"vfb-field-16\" value=\"\"><\/div><\/div><\/div><div class=\"vfb-clearfix\"><\/div><div class=\"vfb-col-12 vfb-fieldType-text\" id=\"vfbField29\"><div class=\"vfb-form-group\"><label for=\"vfb-field-29\" class=\"vfb-control-label\">Dimensiunea exploata\u021biei agricole <span class=\"vfb-required-asterisk\">*<\/span><\/label><div><input id=\"vfb-field-29\" class=\"vfb-form-control\" placeholder=\"\" required=\"required\" type=\"text\" name=\"vfb-field-29\" value=\"\"><\/div><\/div><\/div><div class=\"vfb-clearfix\"><\/div><div class=\"vfb-col-12 vfb-fieldType-textarea\" id=\"vfbField14\"><div class=\"vfb-form-group\"><label for=\"vfb-field-14\" class=\"vfb-control-label\">Descriere anun\u021b <span class=\"vfb-required-asterisk\">*<\/span><\/label><div><span class=\"vfb-help-block\">(produsele agricole oferite spe v\u00e2nzare, cantitatea, pre\u021b, etc.)<\/span><textarea id=\"vfb-field-14\" class=\"vfb-form-control\" placeholder=\"\" required=\"required\" rows=\"5\" name=\"vfb-field-14\" cols=\"50\"><\/textarea><\/div><\/div><\/div><div class=\"vfb-clearfix\"><\/div><div class=\"vfb-col-12 vfb-fieldType-checkbox\" id=\"vfbField114\"><label for=\"vfb-field-114\" class=\"vfb-control-label\">Categorie produse <span class=\"vfb-required-asterisk\">*<\/span><\/label><div><div class=\"vfb-row\"><div class=\"vfb-col-4\"><div class=\"vfb-checkbox\"><label><input id=\"vfb-field-114-9\" class=\"\" placeholder=\"\" data-vfb-multiple=\"vfb-field-114\" required=\"required\" type=\"checkbox\" name=\"vfb-field-114[9]\" value=\"1\">Alte categorii<\/label><\/div><div class=\"vfb-checkbox\"><label><input id=\"vfb-field-114-0\" class=\"\" placeholder=\"\" data-vfb-multiple=\"vfb-field-114\" type=\"checkbox\" name=\"vfb-field-114[0]\" value=\"1\">Carcasa miel\/ied<\/label><\/div><div class=\"vfb-checkbox\"><label><input id=\"vfb-field-114-1\" class=\"\" placeholder=\"\" data-vfb-multiple=\"vfb-field-114\" type=\"checkbox\" name=\"vfb-field-114[1]\" value=\"1\">Legume<\/label><\/div><div class=\"vfb-checkbox\"><label><input id=\"vfb-field-114-2\" class=\"\" placeholder=\"\" data-vfb-multiple=\"vfb-field-114\" type=\"checkbox\" name=\"vfb-field-114[2]\" value=\"1\">Fructe<\/label><\/div><\/div><div class=\"vfb-col-4\"><div class=\"vfb-checkbox\"><label><input id=\"vfb-field-114-3\" class=\"\" placeholder=\"\" data-vfb-multiple=\"vfb-field-114\" type=\"checkbox\" name=\"vfb-field-114[3]\" value=\"1\">Struguri<\/label><\/div><div class=\"vfb-checkbox\"><label><input id=\"vfb-field-114-4\" class=\"\" placeholder=\"\" data-vfb-multiple=\"vfb-field-114\" type=\"checkbox\" name=\"vfb-field-114[4]\" value=\"1\">Lapte si produse lactate<\/label><\/div><div class=\"vfb-checkbox\"><label><input id=\"vfb-field-114-5\" class=\"\" placeholder=\"\" data-vfb-multiple=\"vfb-field-114\" type=\"checkbox\" name=\"vfb-field-114[5]\" value=\"1\">Pasari si animale vii<\/label><\/div><div class=\"vfb-checkbox\"><label><input id=\"vfb-field-114-6\" class=\"\" placeholder=\"\" data-vfb-multiple=\"vfb-field-114\" type=\"checkbox\" name=\"vfb-field-114[6]\" value=\"1\">Miere si produse apicole<\/label><\/div><\/div><div class=\"vfb-col-4\"><div class=\"vfb-checkbox\"><label><input id=\"vfb-field-114-7\" class=\"\" placeholder=\"\" data-vfb-multiple=\"vfb-field-114\" type=\"checkbox\" name=\"vfb-field-114[7]\" value=\"1\">Dulceturi, sucuri naturale<\/label><\/div><div class=\"vfb-checkbox\"><label><input id=\"vfb-field-114-8\" class=\"\" placeholder=\"\" data-vfb-multiple=\"vfb-field-114\" type=\"checkbox\" name=\"vfb-field-114[8]\" value=\"1\">Rasaduri, Flori<\/label><\/div><\/div><\/div><\/div><\/div><div class=\"vfb-clearfix\"><\/div><div class=\"vfb-col-12 vfb-fieldType-date\" id=\"vfbField30\"><div class=\"vfb-form-group\"><label for=\"vfb-field-30\" class=\"vfb-control-label\">Valabilitate anun\u021b<\/label><div><span class=\"vfb-help-block\">p\u00e2n\u0103 c\u00e2nd este valabil anun\u021bul (nu completa\u021bi pentru perioad\u0103 nelimitat\u0103)\r\n\r\nformat zz\/ll\/aaaa<\/span><input id=\"vfb-field-30\" class=\"vfb-form-control\" placeholder=\"zz\/ll\/aaaa\" data-mask=\"00\/00\/0000\" data-provide=\"datepicker\" data-date-format=\"mm\/dd\/yyyy\" data-date-start-date=\"01\/04\/2020\" data-date-end-date=\"31\/12\/2020\" data-date-week-start=\"1\" data-date-start-view=\"0\" data-date-min-view-mode=\"1\" data-date-today-btn=\"linked\" data-date-language=\"ro\" data-date-orientation=\"auto\" data-date-autoclose=\"1\" data-date-today-highlight=\"1\" type=\"text\" name=\"vfb-field-30\" value=\"\"><\/div><\/div><\/div><div class=\"vfb-clearfix\"><\/div><div class=\"vfb-col-12 vfb-fieldType-textarea\" id=\"vfbField32\"><div class=\"vfb-form-group\"><label for=\"vfb-field-32\" class=\"vfb-control-label\">Alte preciz\u0103ri<\/label><div><span class=\"vfb-help-block\">(v\u00e2nzare de la poarta fermei, transport la sediul clientului, modalitate de plat\u0103, etc.)<\/span><textarea id=\"vfb-field-32\" class=\"vfb-form-control\" placeholder=\"\" rows=\"5\" name=\"vfb-field-32\" cols=\"50\"><\/textarea><\/div><\/div><\/div><div class=\"vfb-clearfix\"><\/div><div class=\"vfb-col-12 vfb-fieldType-file-upload\" id=\"vfbField36\"><div class=\"vfb-form-group\"><label for=\"vfb-field-36\" class=\"vfb-control-label\">\u00cenc\u0103rcare foto<\/label><div><input id=\"vfb-field-36\" class=\"vfb-form-control vfb-file-input\" placeholder=\"\" data-max-file-size=\"2500\" data-max-file-count=\"1\" data-allowed-file-types=\"image\" data-allowed-file-extensions=\"jpg,jpeg,png\" data-browse-label=\"Caut\u0103\" type=\"file\" name=\"vfb-field-36\"><span class=\"vfb-help-block\">Ad\u0103uga\u021bi o fotografie a produselor oferite spre v\u00e2nzare (.png | .jpg)<\/span><\/div><\/div><\/div><div class=\"vfb-clearfix\"><\/div><\/div> <!-- .vfb-well --><div class=\"vfb-well vfb-col-12\" id=\"vfbField100\"><div class=\"vfb-form-group vfb-col-12\"><div><h3 class=\"\">Declara\u021bii<\/h3><\/div><\/div><div class=\"vfb-col-12 vfb-fieldType-heading\" id=\"vfbField100\"><\/div><div class=\"vfb-clearfix\"><\/div><div class=\"vfb-col-12 vfb-fieldType-checkbox\" id=\"vfbField33\"><label for=\"vfb-field-33\" class=\"vfb-control-label\"> <span class=\"vfb-required-asterisk\">*<\/span><\/label><div><span class=\"vfb-help-block\">Sunt de acord ca D.A.J. Buz\u0103u s\u0103 prelucreze datele mele cu caracter personal, \u00een conformitate cu prevederile Regulamentului (UE) nr. 679\/2016 privind protec\u0163ia persoanelor fizice \u00een ceea ce prive\u015fte prelucrarea datelor cu caracter personal \u015fi privind libera circula\u0163ie a acestor date - GDPR. Temeiul juridic al prelucr\u0103rii acestor date este consim\u0163\u0103m\u00e2ntul voluntar al subscrisei\/subsemnatului. Acest consim\u0163\u0103m\u00e2nt poate fi revocat \u00een orice moment, printr-o notificare c\u0103tre D.A.J., conform prevederilor GDPR referitoare la drepturile persoanelor vizate. Am fost informat c\u0103 am dreptul de a solicita D.A.J. Buz\u0103u accesul, rectificarea, \u0219tergerea, restric\u021bionarea prelucr\u0103rii, opozi\u021bia prelucr\u0103rii \u0219i portabilitatea datelor cu caracter personal printr-o cerere scris\u0103, semnat\u0103 \u0219i datat\u0103, transmis\u0103 la sediul institu\u021biei sau la adresa de e-mail: dpo@dadrbuzau.ro<\/span><div class=\"vfb-checkbox\"><label><input id=\"vfb-field-33-0\" class=\"\" placeholder=\"\" data-vfb-multiple=\"vfb-field-33\" required=\"required\" type=\"checkbox\" name=\"vfb-field-33[0]\" value=\"1\">SUNT DE ACORD<\/label><\/div><\/div><\/div><div class=\"vfb-clearfix\"><\/div><div class=\"vfb-col-12 vfb-fieldType-checkbox\" id=\"vfbField34\"><label for=\"vfb-field-34\" class=\"vfb-control-label\"> <span class=\"vfb-required-asterisk\">*<\/span><\/label><div><span class=\"vfb-help-block\">Sunt produc\u0103tor agricol local \u0219i confirm faptul c\u0103 datele completate sunt reale \u0219i reflect\u0103 dimensiunea\r\nexploata\u021biei agricole pe care o de\u021bin\/administrez.<\/span><div class=\"vfb-checkbox\"><label><input id=\"vfb-field-34-0\" class=\"\" placeholder=\"\" data-vfb-multiple=\"vfb-field-34\" required=\"required\" type=\"checkbox\" name=\"vfb-field-34[0]\" value=\"1\">SUNT DE ACORD<\/label><\/div><\/div><\/div><div class=\"vfb-clearfix\"><\/div><div class=\"vfb-col-12 vfb-fieldType-checkbox\" id=\"vfbField35\"><label for=\"vfb-field-35\" class=\"vfb-control-label\"> <span class=\"vfb-required-asterisk\">*<\/span><\/label><div><span class=\"vfb-help-block\">Am citit \u0219i sunt de acord cu Condi\u021biile de Utilizare afi\u0219ate mai jos.<\/span><div class=\"vfb-checkbox\"><label><input id=\"vfb-field-35-0\" class=\"\" placeholder=\"\" data-vfb-multiple=\"vfb-field-35\" required=\"required\" type=\"checkbox\" name=\"vfb-field-35[0]\" value=\"1\">SUNT DE ACORD<\/label><\/div><\/div><\/div><div class=\"vfb-clearfix\"><\/div><\/div> <!-- .vfb-well --><div class=\"vfb-well vfb-col-12\" id=\"vfbField104\"><div class=\"vfb-form-group vfb-col-12\"><div><div class=\"\"><\/div><\/div><\/div><div class=\"vfb-col-12 vfb-fieldType-heading\" id=\"vfbField104\"><\/div><div class=\"vfb-clearfix\"><\/div><div class=\"vfb-col-12 vfb-fieldType-captcha\" id=\"vfbField110\"><div class=\"vfb-form-group\"><label for=\"vfb-field-110\" class=\"vfb-control-label\">Bifeaz\u0103 pentru validare formular, apoi apas\u0103 butonul TRIMITE ANUN\u021a pentru APROBARE <span class=\"vfb-required-asterisk\">*<\/span><\/label><div><div class=\"g-recaptcha\" data-sitekey=\"6LeMNc0SAAAAAAXcOVxSt3S3wl88LSFOUFXcIZAX\"><\/div><input type=\"hidden\" name=\"_vfb_recaptcha_enabled\" value=\"1\" id=\"\"><div class=\"vfb-has-error\" id=\"vfb-recaptcha-error\"><span class=\"vfb-help-block\">reCAPTCHA is required.<\/span><\/div><\/div><\/div><\/div><div class=\"vfb-clearfix\"><\/div><div class=\"vfb-col-1 vfb-fieldType-submit\" id=\"vfbField8\"><button id=\"vfb-field-8\" class=\" btn btn-primary\" placeholder=\"\" type=\"submit\" name=\"_vfb-submit\">TRIMITE ANUN\u021a<\/button><\/div><\/div> <!-- .vfb-well --><div class=\"vfb-well vfb-col-12\" id=\"vfbField103\"><div class=\"vfb-form-group vfb-col-12\"><div><h3 class=\"\">Condi\u021bii de utilizare<\/h3><\/div><\/div><div class=\"vfb-col-12 vfb-fieldType-heading\" id=\"vfbField103\"><\/div><div class=\"vfb-clearfix\"><\/div><div class=\"vfb-col-12 vfb-fieldType-instructions\" id=\"vfbField67\"><div class=\"vfb-form-group\"><label for=\"vfb-field-67\" class=\"vfb-control-label\"><\/label><div class=\"\"><p style=\\\"text-align: left;\\\">1. Produc\u0103torii agricoli \u00ee\u0219i asum\u0103 responsabilitatea informa\u021biilor transmise spre publicare.<\/p>\n<p style=\\\"text-align: left;\\\">2. Persoanele fizice trebuie s\u0103 de\u021bin\u0103 Atestat de produc\u0103tor \u0219i Carnet de comercializare vizat pe anul 2020.<\/p>\n<p style=\\\"text-align: left;\\\">3. PFA, II, IF sau SRL trebuie s\u0103 de\u021bin\u0103 Cerificat de \u00cenregistrare emis de ONRC \u0219i cod CAEN principal din sec\u0163iunea A \u00abAgricultur\u0103, silvicultur\u0103 \u015fi pescuit\u00bb, diviziunile 011 &#8211; 015 sau sectiunea C \u00abIndustria prelucratoare\u00bb, diviziunile 101, 103, 105-107, 109.<\/p>\n<p style=\\\"text-align: left;\\\">4. Un anun\u021b va fi creat prin completarea unui formular pus la dispozitie de DAJ Buz\u0103u. Anun\u021bul va fi publicat \u00een maximum dou\u0103 zile lucr\u0103toare  de la transmitere.<\/p>\n<p style=\\\"text-align: left;\\\">5. Produc\u0103torul agricol \u00ee\u0219i asum\u0103 \u00een \u00eentregime r\u0103spunderea pentru con\u021binutul Anun\u021bului \u0219i pentru veridicitatea informa\u021biilor publicate.<\/p>\n<p style=\\\"text-align: left;\\\">6. DAJ Buz\u0103u \u00ee\u0219i rezerv\u0103 dreptul de a \u0219terge sau modifica par\u021bial un Anun\u021b, \u00een cazul \u00een care se constat\u0103 c\u0103 acesta \u00eencalc\u0103 prevederile Condi\u021biilor de utilizare, \u00een orice mod.<\/p>\n<p style=\\\"text-align: left;\\\">7. DAJ Buz\u0103u nu garanteaz\u0103 \u00een niciun fel calitatea, cantitatea, disponibilitatea sau orice alte aspecte ale Produselor descrise \u00een Anun\u021buri.<\/p>\n<p style=\\\"text-align: left;\\\">8. Verificarea\/moderarea Anun\u021burilor publicate are ca scop \u00eenl\u0103turarea Anun\u021burilor incomplete, evident incorecte \u0219i\/sau care nu respect\u0103 prevederile legale aplicabile \u00een Rom\u00e2nia.<\/p>\n<p style=\\\"text-align: left;\\\">9. Nu sunt admise spre publicare Anun\u021buri care con\u021bin poze preluate din alte surse. Vor fi postate doar fotografiile produselor ob\u021binute \u00een exploata\u021bia proprie \u0219i oferite spre v\u00e2nzare.<\/p>\n<\/div><\/div><\/div><div class=\"vfb-clearfix\"><\/div><\/div> <!-- .vfb-well --><\/form>\n<div class=\"divider top-of-page\"><a title=\"Catre inceputul paginii\" href=\"#top\">Sus<\/a><\/div>\n","protected":false},"excerpt":{"rendered":"<p>Sus<\/p>\n","protected":false},"author":2,"featured_media":0,"parent":0,"menu_order":0,"comment_status":"closed","ping_status":"closed","template":"page-FullWidth.php","meta":[],"_links":{"self":[{"href":"http:\/\/www.dadrbuzau.ro\/index.php?rest_route=\/wp\/v2\/pages\/8165"}],"collection":[{"href":"http:\/\/www.dadrbuzau.ro\/index.php?rest_route=\/wp\/v2\/pages"}],"about":[{"href":"http:\/\/www.dadrbuzau.ro\/index.php?rest_route=\/wp\/v2\/types\/page"}],"author":[{"embeddable":true,"href":"http:\/\/www.dadrbuzau.ro\/index.php?rest_route=\/wp\/v2\/users\/2"}],"replies":[{"embeddable":true,"href":"http:\/\/www.dadrbuzau.ro\/index.php?rest_route=%2Fwp%2Fv2%2Fcomments&post=8165"}],"version-history":[{"count":10,"href":"http:\/\/www.dadrbuzau.ro\/index.php?rest_route=\/wp\/v2\/pages\/8165\/revisions"}],"predecessor-version":[{"id":8503,"href":"http:\/\/www.dadrbuzau.ro\/index.php?rest_route=\/wp\/v2\/pages\/8165\/revisions\/8503"}],"wp:attachment":[{"href":"http:\/\/www.dadrbuzau.ro\/index.php?rest_route=%2Fwp%2Fv2%2Fmedia&parent=8165"}],"curies":[{"name":"wp","href":"https:\/\/api.w.org\/{rel}","templated":true}]}}