{"id":11909,"date":"2023-12-11T18:03:56","date_gmt":"2023-12-11T16:03:56","guid":{"rendered":"http:\/\/www.dadrbuzau.ro\/?page_id=11909"},"modified":"2023-12-11T18:43:44","modified_gmt":"2023-12-11T16:43:44","slug":"avertizor-in-interes-public","status":"publish","type":"page","link":"https:\/\/www.dadrbuzau.ro\/?page_id=11909","title":{"rendered":"Avertizor in interes public"},"content":{"rendered":"<p style=\"text-align: left;\"><div class=\"custom\" style=\"background:-moz-linear-gradient(center top , #ccccc7, #B5EDFF) repeat scroll 0 0 transparent;\n\t\t\t\t\t       background: -webkit-gradient(linear, center top, center bottom, from(#ccccc7), to(#B5EDFF));\n\t\t\t\t\t       margin-left:auto !important;\n\t\t\t\t\t       margin-right:auto !important;\n\t\t\t\t\t       border:1px solid #777777;\n\t\t\t\t\t       background-color: #B5EDFF;\n\t\t\t\t\t       width:100%;\n\t\t\t\t\t       color:#555555;\"><div class=\"inner-padding\">\n<h3><strong><em>Avertizor in interes public<\/em><\/strong><\/h3>\n<p>Dac\u0103 ave\u021bi informa\u021bii, inclusiv suspiciuni rezonabile, cu privire la \u00eenc\u0103lc\u0103ri efective sau poten\u021biale ale legii, care s-au produs sau care sunt susceptibile s\u0103 se produc\u0103 \u00een cadrul Directiei pentru Agricultura Judeteana Buzau, precum \u0219i informa\u021bii cu privire la \u00eencerc\u0103ri de a ascunde astfel de \u00eenc\u0103lc\u0103ri, pute\u021bi s\u0103 le semnala\u021bi astfel:<\/p>\n\n<ul class=\"list-10\">\n<li>prin e-mail la <a href=\"mailto:avertizorintegritate@dadrbuzau.ro\">avertizorintegritate@dadrbuzau.ro<\/a><\/li>\n<li>prin po\u0219t\u0103 la adresa B-dul Unirii nr. 301A, Et. 1, Mun. Buzau<\/li>\n<li>telefonic, la num\u0103rul 0238 412807, luni-joi \u00een intervalul orar 08:00 &#8211; 16:30 sau vineri in intervalul orar 08:00 &#8211; 14:00.<\/li>\n<\/ul>\n\n<p>Solu\u021bionarea sesiz\u0103rilor pe care le ve\u021bi \u00eenainta fi posibil\u0103 doar dac\u0103 ne furniza\u021bi <strong>informa\u021bii clare<\/strong> \u0219i dac\u0103 <strong>sesizarea este explicit\u0103, con\u021bine informa\u021bii concrete \u0219i verificabile<\/strong>.<\/p>\n<p>Prin \u00eenc\u0103lc\u0103ri ale legii, \u00een\u021belegem fapte care constau \u00eentr-o ac\u021biune sau inac\u021biune care constituie nerespect\u0103ri ale dispozi\u021biilor legale prev\u0103zute \u00een anexa nr. 2 din Legea nr. 361\/2022, care privesc domenii cum ar fi: <\/p>\n\n<ul class=\"list-10\">\n<li>achizi\u021biile publice;<\/li>\n<li>serviciile, produsele \u0219i pie\u021bele financiare, prevenirea sp\u0103l\u0103rii banilor \u0219i a finan\u021b\u0103rii terorismului;<\/li>\n<li>siguran\u021ba \u0219i conformitatea produselor;<\/li>\n<li>siguran\u021ba transportului;<\/li>\n<li>protec\u021bia mediului;<\/li>\n<li>protec\u021bia radiologic\u0103 \u0219i siguran\u021ba nuclear\u0103;<\/li>\n<li>siguran\u021ba alimentelor \u0219i a hranei pentru animale, s\u0103n\u0103tatea \u0219i bun\u0103starea animalelor;<\/li>\n<li>s\u0103n\u0103tatea public\u0103;<\/li>\n<li>protec\u021bia consumatorilor;<\/li>\n<li>protec\u021bia vie\u021bii private \u0219i a datelor cu caracter personal \u0219i a securit\u0103\u021bii re\u021belelor \u0219i sistemelor informatice.<\/li>\n<\/ul>\n\n<p>Raportarea va cuprinde, cel pu\u021bin, urm\u0103toarele:<br \/>\n\n<ul class=\"list-10\">\n<li>Numele \u0219i prenumele;<\/li>\n<li>Datele de contact ale avertizorului \u00een interes public;<\/li>\n<li>Contextul profesional \u00een care au fost ob\u021binute informa\u021biile;<\/li>\n<li>Persoana vizat\u0103, dac\u0103 este cunoscut\u0103;<\/li>\n<li>Descrierea faptei susceptibile s\u0103 constituie \u00eenc\u0103lcare a legii \u00een cadrul entit\u0103\u021bii publice sau private;<\/li>\n<li>Probele \u00een sus\u021binerea raport\u0103rii;<\/li>\n<li>Data \u0219i semn\u0103tura.<\/li>\n<\/ul>\n\n<p><strong>Cadru legal<\/strong><\/p>\n<p><a href=\"https:\/\/legislatie.just.ro\/Public\/DetaliiDocument\/262872\" rel=\"noopener\" target=\"_blank\">Legea nr. 361\/2022 privind protec\u021bia avertizorilor \u00een interes public<\/a><\/p>\n<\/div><\/div>\n<div class=\"divider top-of-page\"><a href=\"#top\" title=\"C\u0103tre \u00eenceputul paginii\">Sus<\/a><\/div>\n","protected":false},"excerpt":{"rendered":"<p>Sus<\/p>\n","protected":false},"author":2,"featured_media":0,"parent":0,"menu_order":0,"comment_status":"closed","ping_status":"closed","template":"page-FullWidth.php","meta":[],"_links":{"self":[{"href":"https:\/\/www.dadrbuzau.ro\/index.php?rest_route=\/wp\/v2\/pages\/11909"}],"collection":[{"href":"https:\/\/www.dadrbuzau.ro\/index.php?rest_route=\/wp\/v2\/pages"}],"about":[{"href":"https:\/\/www.dadrbuzau.ro\/index.php?rest_route=\/wp\/v2\/types\/page"}],"author":[{"embeddable":true,"href":"https:\/\/www.dadrbuzau.ro\/index.php?rest_route=\/wp\/v2\/users\/2"}],"replies":[{"embeddable":true,"href":"https:\/\/www.dadrbuzau.ro\/index.php?rest_route=%2Fwp%2Fv2%2Fcomments&post=11909"}],"version-history":[{"count":8,"href":"https:\/\/www.dadrbuzau.ro\/index.php?rest_route=\/wp\/v2\/pages\/11909\/revisions"}],"predecessor-version":[{"id":11919,"href":"https:\/\/www.dadrbuzau.ro\/index.php?rest_route=\/wp\/v2\/pages\/11909\/revisions\/11919"}],"wp:attachment":[{"href":"https:\/\/www.dadrbuzau.ro\/index.php?rest_route=%2Fwp%2Fv2%2Fmedia&parent=11909"}],"curies":[{"name":"wp","href":"https:\/\/api.w.org\/{rel}","templated":true}]}}