{"id":333,"date":"2012-01-30T15:55:56","date_gmt":"2012-01-30T13:55:56","guid":{"rendered":"http:\/\/www.dadrbuzau.ro\/?page_id=333"},"modified":"2025-03-17T23:31:10","modified_gmt":"2025-03-17T21:31:10","slug":"informatii-utile","status":"publish","type":"page","link":"https:\/\/www.dadrbuzau.ro\/?page_id=333","title":{"rendered":"Informatii utile"},"content":{"rendered":"<div class=\"one_third\"><img loading=\"lazy\" class=\"alignleft\" src=\"http:\/\/www.dadrbuzau.ro\/wp-content\/uploads\/2012\/01\/download32.png\" alt=\"\" width=\"32\" height=\"32\" \/><a href=\"http:\/\/www.dadrbuzau.ro\/wp-content\/uploads\/2025_\/03_\/Ordin nr. 54 din 2023 - norme conditionalitate, actualizat martie 2025.docx\" target=\"_blank\" rel=\"noopener\"><strong> ORDIN nr. 54\/570\/32\/2023 pentru punerea \u00een aplicare a normelor privind condi\u0163ionalitatea \u00een cadrul interven\u0163iilor sub form\u0103 de pl\u0103\u0163i directe \u015fi al unor interven\u0163ii \u015fi m\u0103suri pentru dezvoltare rural\u0103, \u00eencep\u00e2nd cu anul de cerere 2023<\/strong><\/a><\/div> <div class=\"one_third last_column\">&#8211; actualizat Vineri, 14 martie 2025.<\/div>\n<div class=\"one_third\"><img loading=\"lazy\" class=\"alignleft\" src=\"http:\/\/www.dadrbuzau.ro\/wp-content\/uploads\/2012\/01\/download32.png\" alt=\"\" width=\"32\" height=\"32\" \/><a href=\"http:\/\/www.dadrbuzau.ro\/wp-content\/uploads\/2023_\/05_\/informatii- cultura tomatelor in spatii protejate.pdf\" target=\"_blank\" rel=\"noopener\"><strong> Informatii- cultura tomatelor in spatii protejate<\/strong><\/a><\/div> <div class=\"one_third last_column\">&#8211; actualizat Vineri, 19 mai 2023.<\/div>\n<div class=\"divider\"><\/div>\n<p><img loading=\"lazy\" class=\"size-full wp-image-341 aligncenter\" title=\"Symbol-Information\" src=\"http:\/\/www.dadrbuzau.ro\/wp-content\/uploads\/2012\/01\/Symbol-Information.png\" alt=\"\" width=\"256\" height=\"256\" srcset=\"https:\/\/www.dadrbuzau.ro\/wp-content\/uploads\/2012\/01\/Symbol-Information.png 256w, https:\/\/www.dadrbuzau.ro\/wp-content\/uploads\/2012\/01\/Symbol-Information-150x150.png 150w\" sizes=\"(max-width: 256px) 100vw, 256px\" \/><\/p>\n","protected":false},"excerpt":{"rendered":"","protected":false},"author":2,"featured_media":0,"parent":0,"menu_order":0,"comment_status":"closed","ping_status":"open","template":"page-PageTemplate3.php","meta":[],"_links":{"self":[{"href":"https:\/\/www.dadrbuzau.ro\/index.php?rest_route=\/wp\/v2\/pages\/333"}],"collection":[{"href":"https:\/\/www.dadrbuzau.ro\/index.php?rest_route=\/wp\/v2\/pages"}],"about":[{"href":"https:\/\/www.dadrbuzau.ro\/index.php?rest_route=\/wp\/v2\/types\/page"}],"author":[{"embeddable":true,"href":"https:\/\/www.dadrbuzau.ro\/index.php?rest_route=\/wp\/v2\/users\/2"}],"replies":[{"embeddable":true,"href":"https:\/\/www.dadrbuzau.ro\/index.php?rest_route=%2Fwp%2Fv2%2Fcomments&post=333"}],"version-history":[{"count":31,"href":"https:\/\/www.dadrbuzau.ro\/index.php?rest_route=\/wp\/v2\/pages\/333\/revisions"}],"predecessor-version":[{"id":12813,"href":"https:\/\/www.dadrbuzau.ro\/index.php?rest_route=\/wp\/v2\/pages\/333\/revisions\/12813"}],"wp:attachment":[{"href":"https:\/\/www.dadrbuzau.ro\/index.php?rest_route=%2Fwp%2Fv2%2Fmedia&parent=333"}],"curies":[{"name":"wp","href":"https:\/\/api.w.org\/{rel}","templated":true}]}}