{"id":5070,"date":"2017-01-29T17:35:01","date_gmt":"2017-01-29T15:35:01","guid":{"rendered":"http:\/\/www.dadrbuzau.ro\/?page_id=5070"},"modified":"2023-04-15T00:18:47","modified_gmt":"2023-04-14T21:18:47","slug":"prezentare-2","status":"publish","type":"page","link":"https:\/\/www.dadrbuzau.ro\/?page_id=5070","title":{"rendered":"Prezentare.##"},"content":{"rendered":"<div class=\"one_third\">\n<div class=\"clear\"><\/div>\n\t\t<a class=\"pngfix dark-button-with-arrow align-btn-left\" href=\"http:\/\/www.dadrbuzau.ro\/?page_id=5078\" title=\"Legislatie\"><span class=\"pngfix\">Legislatie <\/span><\/a>\n\t     <div class=\"clear\"><\/div>\n<\/div>\n<div class=\"one_third\">\n<div class=\"clear\"><\/div>\n\t\t<a class=\"pngfix dark-button-with-arrow align-btn-left\" href=\"http:\/\/www.dadrbuzau.ro\/?page_id=5082\" title=\"Conducere\"><span class=\"pngfix\">Conducere <\/span><\/a>\n\t     <div class=\"clear\"><\/div>\n<\/div>\n<div class=\"one_third last_column\">\n<div class=\"clear\"><\/div>\n\t\t<a class=\"pngfix dark-button-with-arrow align-btn-left\" href=\"http:\/\/www.dadrbuzau.ro\/?page_id=5086\" title=\"Organizare\"><span class=\"pngfix\">Organizare <\/span><\/a>\n\t     <div class=\"clear\"><\/div>\n<\/div>\n<p style=\"text-align: left;\"><div class=\"custom\" style=\"background:-moz-linear-gradient(center top , #ccccc7, #B5EDFF) repeat scroll 0 0 transparent;\n\t\t\t\t\t       background: -webkit-gradient(linear, center top, center bottom, from(#ccccc7), to(#B5EDFF));\n\t\t\t\t\t       margin-left:auto !important;\n\t\t\t\t\t       margin-right:auto !important;\n\t\t\t\t\t       border:1px solid #777777;\n\t\t\t\t\t       background-color: #B5EDFF;\n\t\t\t\t\t       width:100%;\n\t\t\t\t\t       color:#555555;\"><div class=\"inner-padding\">\n<span class=\"custom-frame alignleft frame-shadow\"><img src=\"http:\/\/www.dadrbuzau.ro\/wp-content\/uploads\/2023_\/01_\/logo_sediu_da.jpg\" alt=\"Sediu Directia Judeteana pentru Agricultura Buzau\" \/><\/span>\n<h3><strong><em>Directia pentru Agricultura Judeteana Buzau<\/em><\/strong><\/h3>\n<p><strong>Direc\u0163ia pentru Agricultur\u0103 Jude\u0163ean\u0103 Buz\u0103u este institu\u0163ie public\u0103 cu personalitate juridic\u0103, serviciu public deconcentrat \u00een subordinea Ministerului Agriculturii \u015fi Dezvolt\u0103rii Rurale, responsabil\u0103 cu implementarea politicilor \u015fi strategiilor Ministerului Agriculturii \u015fi Dezvolt\u0103rii Rurale \u00een domeniile de activitate ale acestuia, statistic\u0103 \u0219i RICA, asisten\u0163a tehnic\u0103, informarea, \u00eendrumarea \u0219i consilierea pentru ob\u0163inerea fondurilor europene \u015fi na\u0163ionale \u00een r\u00e2ndul fermierilor, efectuarea activit\u0103\u0163ilor de monitorizare, verificare, inspec\u0163ii \u015fi control \u00een domeniile de activitate, precum \u015fi  cu alte atribu\u0163ii prev\u0103zute de legisla\u0163ia \u00een vigoare.<\/strong><\/p>\n\n<ul class=\"list-10\">\n<li>Organizarea \u015fi func\u0163ionarea Direc\u0163iei pentru Agricultur\u0103 Jude\u0163ean\u0103 Buz\u0103u sunt reglementate de prevederile Legii nr.157\/2016 privind unele m\u0103suri pentru reorganizarea unor structuri aflate \u00een subordinea\/coordonarea Ministerului Agriculturii \u0219i Dezvolt\u0103rii Rurale \u0219i ale Hot\u0103r\u00e2rii de Guvern nr.860\/2016 privind organizarea, func\u021bionarea \u0219i stabilirea atribu\u021biilor direc\u021biilor pentru agricultur\u0103 jude\u021bene \u0219i a municipiului Bucure\u0219ti;<\/li>\n<li>Direc\u0163ia pentru Agricultur\u0103 este serviciu public deconcentrat, aflat \u00een subordinea Ministerului Agriculturii \u015fi Dezvolt\u0103rii Rurale \u015fi este condus de un director executiv;<\/li>\n<li>Structura organizatoric\u0103 cadru a direc\u0163iei pentru agricultur\u0103 jude\u0163ean\u0103 este cea aprobat\u0103 prin Ordinul ministrului agriculturii \u015fi dezvolt\u0103rii rurale nr.2153\/R\/13.12.2016 privind aprobarea structurii organizatorice-cadru a direc\u021biilor pentru agricultur\u0103 jude\u021bene \u0219i a municipiului Bucure\u0219ti.<\/li>\n<\/ul>\n\n<\/div><\/div>\n<div class=\"divider top-of-page\"><a title=\"C\u0103tre \u00eenceputul paginii\" href=\"#top\">Sus<\/a><\/div>\n","protected":false},"excerpt":{"rendered":"<p>Sus<\/p>\n","protected":false},"author":2,"featured_media":0,"parent":0,"menu_order":0,"comment_status":"closed","ping_status":"closed","template":"page-FullWidth.php","meta":[],"_links":{"self":[{"href":"https:\/\/www.dadrbuzau.ro\/index.php?rest_route=\/wp\/v2\/pages\/5070"}],"collection":[{"href":"https:\/\/www.dadrbuzau.ro\/index.php?rest_route=\/wp\/v2\/pages"}],"about":[{"href":"https:\/\/www.dadrbuzau.ro\/index.php?rest_route=\/wp\/v2\/types\/page"}],"author":[{"embeddable":true,"href":"https:\/\/www.dadrbuzau.ro\/index.php?rest_route=\/wp\/v2\/users\/2"}],"replies":[{"embeddable":true,"href":"https:\/\/www.dadrbuzau.ro\/index.php?rest_route=%2Fwp%2Fv2%2Fcomments&post=5070"}],"version-history":[{"count":4,"href":"https:\/\/www.dadrbuzau.ro\/index.php?rest_route=\/wp\/v2\/pages\/5070\/revisions"}],"predecessor-version":[{"id":11235,"href":"https:\/\/www.dadrbuzau.ro\/index.php?rest_route=\/wp\/v2\/pages\/5070\/revisions\/11235"}],"wp:attachment":[{"href":"https:\/\/www.dadrbuzau.ro\/index.php?rest_route=%2Fwp%2Fv2%2Fmedia&parent=5070"}],"curies":[{"name":"wp","href":"https:\/\/api.w.org\/{rel}","templated":true}]}}