{"id":5150,"date":"2017-01-29T22:46:41","date_gmt":"2017-01-29T20:46:41","guid":{"rendered":"http:\/\/www.dadrbuzau.ro\/?page_id=5150"},"modified":"2026-01-14T23:33:35","modified_gmt":"2026-01-14T21:33:35","slug":"rapoarte-si-studii","status":"publish","type":"page","link":"https:\/\/www.dadrbuzau.ro\/?page_id=5150","title":{"rendered":"Rapoarte si studii.##"},"content":{"rendered":"<div class=\"divider\"><\/div>\n<p style=\"text-align: left;\"><div class=\"custom\" style=\"background:-moz-linear-gradient(center top , #ccccc7, #B5EDFF) repeat scroll 0 0 transparent;\n\t\t\t\t\t       background: -webkit-gradient(linear, center top, center bottom, from(#ccccc7), to(#B5EDFF));\n\t\t\t\t\t       margin-left:auto !important;\n\t\t\t\t\t       margin-right:auto !important;\n\t\t\t\t\t       border:1px solid #777777;\n\t\t\t\t\t       background-color: #B5EDFF;\n\t\t\t\t\t       width:95%;\n\t\t\t\t\t       color:#555555;\"><div class=\"inner-padding\">\n<p style=\"text-align: center;\"><strong>RAPOARTE SI STUDII<\/strong><\/p>\n<p style=\"text-align: left;\">.<\/p>\n<div class=\"one_half\"><img loading=\"lazy\" class=\"alignleft\" src=\"http:\/\/www.dadrbuzau.ro\/wp-content\/uploads\/2012\/01\/article32.png\" alt=\"\" width=\"32\" height=\"32\" \/><a href=\"http:\/\/www.dadrbuzau.ro\/wp-content\/uploads\/2026_\/01_\/Raport activitate 2025.pdf\" target=\"_blank\" rel=\"noopener noreferrer\"><strong>Raport de activitate 2025<\/strong><\/a><\/div>\n<div class=\"one_half\"><img loading=\"lazy\" class=\"alignleft\" src=\"http:\/\/www.dadrbuzau.ro\/wp-content\/uploads\/2012\/01\/article32.png\" alt=\"\" width=\"32\" height=\"32\" \/><a href=\"http:\/\/www.dadrbuzau.ro\/wp-content\/uploads\/2025_\/01_\/Raport anual implementare Legea 544_2001.docx\" target=\"_blank\" rel=\"noopener noreferrer\"><strong>Raport anual implementare Legea 544_2001<\/strong><\/a><\/div>\n<div class=\"one_half\"><img loading=\"lazy\" class=\"alignleft\" src=\"http:\/\/www.dadrbuzau.ro\/wp-content\/uploads\/2012\/01\/article32.png\" alt=\"\" width=\"32\" height=\"32\" \/><a href=\"http:\/\/www.dadrbuzau.ro\/wp-content\/uploads\/2025_\/01_\/Raport de activitate 2024.pdf\" target=\"_blank\" rel=\"noopener noreferrer\"><strong>Raport de activitate 2024<\/strong><\/a><\/div>\n<div class=\"one_half\"><img loading=\"lazy\" class=\"alignleft\" src=\"http:\/\/www.dadrbuzau.ro\/wp-content\/uploads\/2012\/01\/article32.png\" alt=\"\" width=\"32\" height=\"32\" \/><a href=\"http:\/\/www.dadrbuzau.ro\/wp-content\/uploads\/2024_\/01_\/raport activitate 2023.pdf\" target=\"_blank\" rel=\"noopener noreferrer\"><strong>Raport de activitate 2023<\/strong><\/a><\/div>\n<div class=\"one_half\"><img loading=\"lazy\" class=\"alignleft\" src=\"http:\/\/www.dadrbuzau.ro\/wp-content\/uploads\/2012\/01\/article32.png\" alt=\"\" width=\"32\" height=\"32\" \/><a href=\"http:\/\/www.dadrbuzau.ro\/wp-content\/uploads\/2023_\/01_\/raport de evaluare a implementarii Legii nr.544 din 2001 in anul 2022.pdf\" target=\"_blank\" rel=\"noopener noreferrer\"><strong>Raport de evaluare a implementarii Legii nr.544 din 2001 in anul 2022<\/strong><\/a><\/div>\n<div class=\"one_half\"><img loading=\"lazy\" class=\"alignleft\" src=\"http:\/\/www.dadrbuzau.ro\/wp-content\/uploads\/2012\/01\/article32.png\" alt=\"\" width=\"32\" height=\"32\" \/><a href=\"http:\/\/www.dadrbuzau.ro\/wp-content\/uploads\/2023_\/01_\/raport activitate 2022.pdf\" target=\"_blank\" rel=\"noopener noreferrer\"><strong>Raport de activitate 2022<\/strong><\/a><\/div>\n<div class=\"one_half\"><img loading=\"lazy\" class=\"alignleft\" src=\"http:\/\/www.dadrbuzau.ro\/wp-content\/uploads\/2012\/01\/article32.png\" alt=\"\" width=\"32\" height=\"32\" \/><a href=\"http:\/\/www.dadrbuzau.ro\/wp-content\/uploads\/2022_\/03_\/raport activitati 2021.pdf\" target=\"_blank\" rel=\"noopener noreferrer\"><strong>Raport de activitate 2021<\/strong><\/a><\/div>\n<div class=\"one_half\"><img loading=\"lazy\" class=\"alignleft\" src=\"http:\/\/www.dadrbuzau.ro\/wp-content\/uploads\/2012\/01\/article32.png\" alt=\"\" width=\"32\" height=\"32\" \/><a href=\"http:\/\/www.dadrbuzau.ro\/wp-content\/uploads\/2022_\/01_\/raport implementare Legea 544.pdf\" target=\"_blank\" rel=\"noopener noreferrer\"><strong>Raport de evaluare a implementarii legii nr. 544\/2001 in anul 2021<\/strong><\/a><\/div>\n<div class=\"one_half\"><img loading=\"lazy\" class=\"alignleft\" src=\"http:\/\/www.dadrbuzau.ro\/wp-content\/uploads\/2012\/01\/article32.png\" alt=\"\" width=\"32\" height=\"32\" \/><a href=\"http:\/\/www.dadrbuzau.ro\/wp-content\/uploads\/2021_\/01_\/raport activitati 2020.pdf\" target=\"_blank\" rel=\"noopener noreferrer\"><strong>RAPORT DE ACTIVITATE pe anul 2020<\/strong><\/a><\/div>\n<div class=\"one_half\"><img loading=\"lazy\" class=\"alignleft\" src=\"http:\/\/www.dadrbuzau.ro\/wp-content\/uploads\/2012\/01\/article32.png\" alt=\"\" width=\"32\" height=\"32\" \/><a href=\"http:\/\/www.dadrbuzau.ro\/wp-content\/uploads\/2021_\/01_\/Raport de evaluare a implementarii Legii nr.544.pdf\" target=\"_blank\" rel=\"noopener noreferrer\"><strong>Raport de evaluare a implementarii Legii nr.544<\/strong><\/a><\/div>\n<div class=\"one_half\"><img loading=\"lazy\" class=\"alignleft\" src=\"http:\/\/www.dadrbuzau.ro\/wp-content\/uploads\/2012\/01\/article32.png\" alt=\"\" width=\"32\" height=\"32\" \/><a href=\"http:\/\/www.dadrbuzau.ro\/wp-content\/uploads\/2020_\/01_\/raport de activitate pe anul 2019.pdf\" target=\"_blank\" rel=\"noopener noreferrer\"><strong>RAPORT DE ACTIVITATE pe anul 2019<\/strong><\/a><\/div>\n<div class=\"one_half\"><img loading=\"lazy\" class=\"alignleft\" src=\"http:\/\/www.dadrbuzau.ro\/wp-content\/uploads\/2012\/01\/article32.png\" alt=\"\" width=\"32\" height=\"32\" \/><a href=\"http:\/\/www.dadrbuzau.ro\/wp-content\/uploads\/2020_\/01_\/raport de evaluare a implementarii Legii 544 din 2001 in anul 2019.pdf\" target=\"_blank\" rel=\"noopener noreferrer\"><strong>RAPORT DE EVALUARE A IMPLEMENTARII LEGII 544 DIN 2001 in anul 2019<\/strong><\/a><\/div>\n<div class=\"one_half\"><img loading=\"lazy\" class=\"alignleft\" src=\"http:\/\/www.dadrbuzau.ro\/wp-content\/uploads\/2012\/01\/article32.png\" alt=\"\" width=\"32\" height=\"32\" \/><a href=\"http:\/\/www.dadrbuzau.ro\/wp-content\/uploads\/2019_\/01_\/Formular _52_2018_local.doc\" target=\"_blank\" rel=\"noopener noreferrer\"><strong>FI\u015e\u0102 DE EVALUARE A IMPLEMENT\u0102RII LEGII NR. 52\/2003 \u00een anul 2018<\/strong><\/a><\/div>\n<div class=\"one_half\"><img loading=\"lazy\" class=\"alignleft\" src=\"http:\/\/www.dadrbuzau.ro\/wp-content\/uploads\/2012\/01\/article32.png\" alt=\"\" width=\"32\" height=\"32\" \/><a href=\"http:\/\/www.dadrbuzau.ro\/wp-content\/uploads\/2019_\/01_\/Raport evaluare Legea 544.docx\" target=\"_blank\" rel=\"noopener noreferrer\"><strong>RAPORT DE EVALUARE A IMPLEMENT\u0102RII LEGII NR.544\/2001 \u00ceN ANUL 2018<\/strong><\/a><\/div>\n<div class=\"one_half\"><img loading=\"lazy\" class=\"alignleft\" src=\"http:\/\/www.dadrbuzau.ro\/wp-content\/uploads\/2012\/01\/article32.png\" alt=\"\" width=\"32\" height=\"32\" \/><a href=\"http:\/\/www.dadrbuzau.ro\/wp-content\/uploads\/2019_\/01_\/Raport de activitate pentru anul 2018.pdf\" target=\"_blank\" rel=\"noopener noreferrer\"><strong>RAPORT DE ACTIVITATE PENTRU ANUL 2018<\/strong><\/a><\/div>\n<div class=\"one_half\"><img loading=\"lazy\" class=\"alignleft\" src=\"http:\/\/www.dadrbuzau.ro\/wp-content\/uploads\/2012\/01\/article32.png\" alt=\"\" width=\"32\" height=\"32\" \/><a href=\"http:\/\/www.dadrbuzau.ro\/wp-content\/uploads\/2018_\/01_\/Raport evaluare Legea 544.docx\" target=\"_blank\" rel=\"noopener noreferrer\"><strong>RAPORT DE EVALUARE AL IMPLEMENT\u0102RII LEGII NR.544\/2001 \u00ceN ANUL 2017<\/strong><\/a><\/div>\n<div class=\"one_half\"><img loading=\"lazy\" class=\"alignleft\" src=\"http:\/\/www.dadrbuzau.ro\/wp-content\/uploads\/2012\/01\/article32.png\" alt=\"\" width=\"32\" height=\"32\" \/><a href=\"http:\/\/www.dadrbuzau.ro\/wp-content\/uploads\/2018_\/01_\/RAPORT DE ACTIVITATE AL DIRECTIEI PENTRU AGRICULTURA JUDETEANA BUZAU PE ANUL 2017.pdf\" target=\"_blank\" rel=\"noopener noreferrer\"><strong>Raport de activitate al Directiei pentru Agricultura Judeteana Buzau pe anul 2017<\/strong><\/a><\/div>\n<div class=\"one_half\"><img loading=\"lazy\" class=\"alignleft\" src=\"http:\/\/www.dadrbuzau.ro\/wp-content\/uploads\/2012\/01\/article32.png\" alt=\"\" width=\"32\" height=\"32\" \/><a href=\"http:\/\/www.dadrbuzau.ro\/wp-content\/uploads\/2017_\/01_\/FISA DE EVALUARE A IMPLEMENTARII LEGII NR544.doc\" target=\"_blank\" rel=\"noopener noreferrer\"><strong>Fisa de evaluare a implementarii legii nr. 544<\/strong><\/a><\/div>\n<\/div><\/div>\n<div class=\"divider\"><\/div>\n","protected":false},"excerpt":{"rendered":"","protected":false},"author":2,"featured_media":0,"parent":0,"menu_order":0,"comment_status":"closed","ping_status":"closed","template":"page-FullWidth.php","meta":[],"_links":{"self":[{"href":"https:\/\/www.dadrbuzau.ro\/index.php?rest_route=\/wp\/v2\/pages\/5150"}],"collection":[{"href":"https:\/\/www.dadrbuzau.ro\/index.php?rest_route=\/wp\/v2\/pages"}],"about":[{"href":"https:\/\/www.dadrbuzau.ro\/index.php?rest_route=\/wp\/v2\/types\/page"}],"author":[{"embeddable":true,"href":"https:\/\/www.dadrbuzau.ro\/index.php?rest_route=\/wp\/v2\/users\/2"}],"replies":[{"embeddable":true,"href":"https:\/\/www.dadrbuzau.ro\/index.php?rest_route=%2Fwp%2Fv2%2Fcomments&post=5150"}],"version-history":[{"count":18,"href":"https:\/\/www.dadrbuzau.ro\/index.php?rest_route=\/wp\/v2\/pages\/5150\/revisions"}],"predecessor-version":[{"id":13364,"href":"https:\/\/www.dadrbuzau.ro\/index.php?rest_route=\/wp\/v2\/pages\/5150\/revisions\/13364"}],"wp:attachment":[{"href":"https:\/\/www.dadrbuzau.ro\/index.php?rest_route=%2Fwp%2Fv2%2Fmedia&parent=5150"}],"curies":[{"name":"wp","href":"https:\/\/api.w.org\/{rel}","templated":true}]}}